{"id":2195,"date":"2023-02-23T14:12:17","date_gmt":"2023-02-23T11:12:17","guid":{"rendered":"https:\/\/dentwayinternational.com\/advantages\/"},"modified":"2023-11-22T16:07:56","modified_gmt":"2023-11-22T13:07:56","slug":"vorteile","status":"publish","type":"page","link":"https:\/\/dentwayinternational.com\/de\/vorteile\/","title":{"rendered":"Vorteile"},"content":{"rendered":"<section class=\"wpb-content-wrapper\"><p>[vc_row][vc_column][vc_custom_heading text=&#8220;Vorteile&#8220; font_container=&#8220;tag:h2|font_size:42|text_align:center|color:%2300b1a7&#8243; google_fonts=&#8220;font_family:Raleway%3A100%2C200%2C300%2Cregular%2C500%2C600%2C700%2C800%2C900|font_style:700%20bold%20regular%3A700%3Anormal&#8220; el_class=&#8220;space-two-mb&#8220;][vc_separator color=&#8220;custom&#8220; el_width=&#8220;10&#8243; accent_color=&#8220;#00b1a7&#8243; wd_hide_on_desktop=&#8220;no&#8220; wd_hide_on_tablet=&#8220;no&#8220; wd_hide_on_mobile=&#8220;no&#8220; css=&#8220;.vc_custom_1677150663254{margin-top: -15px !important;margin-bottom: 5px !important;}&#8220;]\t\t\t<link rel=\"stylesheet\" id=\"wd-text-block-css\" href=\"https:\/\/dentwayinternational.com\/wp-content\/themes\/woodmart\/css\/parts\/el-text-block.min.css?ver=7.0.4\" type=\"text\/css\" media=\"all\" \/> \t\t\t\t\t<div id=\"wd-655cf5777deca\" class=\"wd-text-block wd-wpb reset-last-child wd-rs-655cf5777deca text-left  sub-text\">\n\t\t\t<p>Dentway bietet eine gro\u00dfe Erfahrung und Kompetenz in den zahnmedizinischen Bereichen, die Ihr Leben und Ihr L\u00e4cheln ver\u00e4ndern werden. Sie sind bei uns seit 20 Jahren in sicheren H\u00e4nden.<\/p>\n\t\t<\/div>\n\t\t[\/vc_column][\/vc_row][vc_row css=&#8220;.vc_custom_1677153547647{margin-top: 75px !important;}&#8220; woodmart_css_id=&#8220;63f75507a1d17&#8243; responsive_spacing=&#8220;eyJwYXJhbV90eXBlIjoid29vZG1hcnRfcmVzcG9uc2l2ZV9zcGFjaW5nIiwic2VsZWN0b3JfaWQiOiI2M2Y3NTUwN2ExZDE3Iiwic2hvcnRjb2RlIjoidmNfcm93IiwiZGF0YSI6eyJ0YWJsZXQiOnt9LCJtb2JpbGUiOnt9fX0=&#8220; mobile_bg_img_hidden=&#8220;no&#8220; tablet_bg_img_hidden=&#8220;no&#8220; woodmart_parallax=&#8220;0&#8243; woodmart_gradient_switch=&#8220;no&#8220; woodmart_box_shadow=&#8220;no&#8220; wd_z_index=&#8220;no&#8220; woodmart_disable_overflow=&#8220;0&#8243; row_reverse_mobile=&#8220;0&#8243; row_reverse_tablet=&#8220;0&#8243;][vc_column width=&#8220;1\/4&#8243; woodmart_css_id=&#8220;63f755d1a7e77&#8243; parallax_scroll=&#8220;no&#8220; woodmart_sticky_column=&#8220;false&#8220; wd_collapsible_content_switcher=&#8220;no&#8220; wd_column_role_offcanvas_desktop=&#8220;no&#8220; wd_column_role_offcanvas_tablet=&#8220;no&#8220; wd_column_role_offcanvas_mobile=&#8220;no&#8220; wd_column_role_content_desktop=&#8220;no&#8220; wd_column_role_content_tablet=&#8220;no&#8220; wd_column_role_content_mobile=&#8220;no&#8220; mobile_bg_img_hidden=&#8220;no&#8220; tablet_bg_img_hidden=&#8220;no&#8220; woodmart_parallax=&#8220;0&#8243; woodmart_box_shadow=&#8220;no&#8220; responsive_spacing=&#8220;eyJwYXJhbV90eXBlIjoid29vZG1hcnRfcmVzcG9uc2l2ZV9zcGFjaW5nIiwic2VsZWN0b3JfaWQiOiI2M2Y3NTVkMWE3ZTc3Iiwic2hvcnRjb2RlIjoidmNfY29sdW1uIiwiZGF0YSI6eyJ0YWJsZXQiOnt9LCJtb2JpbGUiOnt9fX0=&#8220; mobile_reset_margin=&#8220;no&#8220; tablet_reset_margin=&#8220;no&#8220; wd_z_index=&#8220;no&#8220;]\t\t<div id=\"wd-655cf5969ebeb\" class=\"wd-text-block wd-wpb reset-last-child wd-rs-655cf5969ebeb text-left  shapemove\">\n\t\t\t<div class=\"shape\">1.<\/div>\n<div class=\"head-top\">Leistbare Preise<\/div>\n<div class=\"head-bottom\">In der T\u00fcrkei<\/div>\n\t\t<\/div>\n\t\t[\/vc_column][vc_column width=&#8220;1\/4&#8243;]\t\t<div id=\"wd-655cf5cdc7d6c\" class=\"wd-text-block wd-wpb reset-last-child wd-rs-655cf5cdc7d6c text-left  shapemove\">\n\t\t\t<div class=\"shape\">2.<\/div>\n<div class=\"head-top\">Erstklassige Qualit\u00e4t<\/div>\n<div class=\"head-bottom\">Zahnpflege<\/div>\n\t\t<\/div>\n\t\t[\/vc_column][vc_column width=&#8220;1\/4&#8243;]\t\t<div id=\"wd-655cf5e8a03a0\" class=\"wd-text-block wd-wpb reset-last-child wd-rs-655cf5e8a03a0 text-left  shapemove\">\n\t\t\t<div class=\"shape\">3.<\/div>\n<div class=\"head-top\">Talentierte Zahn\u00e4rzte<\/div>\n<div class=\"head-bottom\">Professionelle Zahn\u00e4rzte<\/div>\n\t\t<\/div>\n\t\t[\/vc_column][vc_column width=&#8220;1\/4&#8243;]\t\t<div id=\"wd-655cf5ffe1aa4\" class=\"wd-text-block wd-wpb reset-last-child wd-rs-655cf5ffe1aa4 text-left  shapemove\">\n\t\t\t<div class=\"shape\">4.<\/div>\n<div class=\"head-top\">Nahe Entfernung zu<\/div>\n<div class=\"head-bottom\">Europa und allen Regionen<\/div>\n\t\t<\/div>\n\t\t[\/vc_column][\/vc_row][vc_row][vc_column width=&#8220;1\/4&#8243;]\t\t<div id=\"wd-655cf617b8c1f\" class=\"wd-text-block wd-wpb reset-last-child wd-rs-655cf617b8c1f text-left  shapemove\">\n\t\t\t<div class=\"shape\">5.<\/div>\n<div class=\"head-top\">Machen Sie Stadtrundfahrten und<\/div>\n<div class=\"head-bottom\">Entdecken Sie \u0130stanbul<\/div>\n\t\t<\/div>\n\t\t[\/vc_column][vc_column width=&#8220;1\/4&#8243;]\t\t<div id=\"wd-655cf62dec655\" class=\"wd-text-block wd-wpb reset-last-child wd-rs-655cf62dec655 text-left  shapemove\">\n\t\t\t<div class=\"shape\">6.<\/div>\n<div class=\"head-top\">Keine<\/div>\n<div class=\"head-bottom\">Wartelisten<\/div>\n\t\t<\/div>\n\t\t[\/vc_column][vc_column width=&#8220;1\/4&#8243;]\t\t<div id=\"wd-655cf6427d465\" class=\"wd-text-block wd-wpb reset-last-child wd-rs-655cf6427d465 text-left  shapemove\">\n\t\t\t<div class=\"shape\">7.<\/div>\n<div class=\"head-top\">Flie\u00dfend Englisch, Franz\u00f6sisch<\/div>\n<div class=\"head-bottom\">Arabisch und Spanisch sprechendes Personal<\/div>\n\t\t<\/div>\n\t\t[\/vc_column][vc_column width=&#8220;1\/4&#8243;]\t\t<div id=\"wd-655cf662be0f8\" class=\"wd-text-block wd-wpb reset-last-child wd-rs-655cf662be0f8 text-left  shapemove\">\n\t\t\t<div class=\"shape\">8.<\/div>\n<div class=\"head-top\">Flughafentransfer, Autovermietung<\/div>\n<div class=\"head-bottom\">und Hotel\u00fcbernachtungen<\/div>\n\t\t<\/div>\n\t\t[\/vc_column][\/vc_row][vc_row][vc_column][vc_row_inner][vc_column_inner width=&#8220;1\/4&#8243;][\/vc_column_inner][vc_column_inner width=&#8220;1\/2&#8243; css=&#8220;.vc_custom_1677156833804{margin-top: 10px !important;border-top-width: 1px !important;border-right-width: 1px !important;border-bottom-width: 1px !important;border-left-width: 1px !important;padding-top: 75px !important;padding-right: 50px !important;padding-bottom: 35px !important;padding-left: 50px !important;background-color: #f2f9fa !important;border-left-color: rgba(255,255,255,0.01) !important;border-left-style: solid !important;border-right-color: rgba(255,255,255,0.01) !important;border-right-style: solid !important;border-top-color: rgba(255,255,255,0.01) !important;border-top-style: solid !important;border-bottom-color: rgba(255,255,255,0.01) !important;border-bottom-style: solid !important;border-radius: 10px !important;}&#8220; woodmart_css_id=&#8220;63f761d85ac1b&#8220; parallax_scroll=&#8220;no&#8220; woodmart_sticky_column=&#8220;false&#8220; wd_collapsible_content_switcher=&#8220;no&#8220; wd_column_role_offcanvas_desktop=&#8220;no&#8220; wd_column_role_offcanvas_tablet=&#8220;no&#8220; wd_column_role_offcanvas_mobile=&#8220;no&#8220; wd_column_role_content_desktop=&#8220;no&#8220; wd_column_role_content_tablet=&#8220;no&#8220; wd_column_role_content_mobile=&#8220;no&#8220; mobile_bg_img_hidden=&#8220;no&#8220; tablet_bg_img_hidden=&#8220;no&#8220; woodmart_parallax=&#8220;0&#8243; woodmart_box_shadow=&#8220;no&#8220; responsive_spacing=&#8220;eyJwYXJhbV90eXBlIjoid29vZG1hcnRfcmVzcG9uc2l2ZV9zcGFjaW5nIiwic2VsZWN0b3JfaWQiOiI2M2Y3NjFkODVhYzFiIiwic2hvcnRjb2RlIjoidmNfY29sdW1uX2lubmVyIiwiZGF0YSI6eyJ0YWJsZXQiOnt9LCJtb2JpbGUiOnsibWFyZ2luLWJvdHRvbSI6Ii00NSJ9fX0=&#8220; wd_z_index=&#8220;no&#8220;]\t\t<div id=\"wd-655cf67cd9a32\" class=\"wd-text-block wd-wpb reset-last-child wd-rs-655cf67cd9a32 text-left wd-font-weight-600 wd-fontsize-custom font-primary  space-two-mb\">\n\t\t\t<p><span class=\"renk\">Kostenlose <\/span>Online-Beratung<\/p>\n\t\t<\/div>\n\t\t\t\t<div id=\"wd-655cf69b23971\" class=\"wd-text-block wd-wpb reset-last-child wd-rs-655cf69b23971 text-left wd-fontsize-s  sub-text2\">\n\t\t\t<p style=\"font-size: 17px; text-align: left;\">Live-Videoanruf mit unseren Fachzahn\u00e4rzten<\/p>\n\t\t<\/div>\n\t\t\n<div class=\"wpcf7 no-js\" id=\"wpcf7-f2405-o1\" lang=\"de-DE\" dir=\"ltr\">\n<div class=\"screen-reader-response\"><p role=\"status\" aria-live=\"polite\" aria-atomic=\"true\"><\/p> <ul><\/ul><\/div>\n<form action=\"\/de\/wp-json\/wp\/v2\/pages\/2195#wpcf7-f2405-o1\" method=\"post\" class=\"wpcf7-form init\" aria-label=\"Kontaktformular\" novalidate=\"novalidate\" data-status=\"init\">\n<div style=\"display: none;\">\n<input type=\"hidden\" name=\"_wpcf7\" value=\"2405\" \/>\n<input type=\"hidden\" name=\"_wpcf7_version\" value=\"5.7.5.1\" \/>\n<input type=\"hidden\" name=\"_wpcf7_locale\" value=\"de_DE\" \/>\n<input type=\"hidden\" name=\"_wpcf7_unit_tag\" value=\"wpcf7-f2405-o1\" \/>\n<input type=\"hidden\" name=\"_wpcf7_container_post\" value=\"0\" \/>\n<input type=\"hidden\" name=\"_wpcf7_posted_data_hash\" value=\"\" \/>\n<\/div>\n<div class=\"home-form\">\n\t<p><label> Vorname Nachname<br \/>\n<span class=\"wpcf7-form-control-wrap\" data-name=\"your-name\"><input size=\"40\" class=\"wpcf7-form-control wpcf7-text wpcf7-validates-as-required\" autocomplete=\"name\" aria-required=\"true\" aria-invalid=\"false\" placeholder=\"Pelin Arda\" value=\"\" type=\"text\" name=\"your-name\" \/><\/span> <\/label>\n\t<\/p>\n\t<div class=\"form-flex\">\n\t\t<p><label>Telefonnummer<br \/>\n<span class=\"wpcf7-form-control-wrap intl_tel-359\"><input class=\"wpcf7-form-control wpcf7-intl-tel wpcf7-intl_tel wpcf7-validates-as-required\" aria-required=\"true\" aria-invalid=\"false\" placeholder=\"Telefonnummer\" value=\"\" type=\"tel\" name=\"intl_tel-359-cf7it-national\" \/><input name=\"intl_tel-359\" type=\"hidden\" class=\"wpcf7-intl-tel-full\" \/><input type=\"hidden\" name=\"intl_tel-359-cf7it-country-name\" class=\"wpcf7-intl-tel-country-name\" \/><input type=\"hidden\" name=\"intl_tel-359-cf7it-country-code\" class=\"wpcf7-intl-tel-country-code\" \/><input type=\"hidden\" name=\"intl_tel-359-cf7it-country-iso2\" class=\"wpcf7-intl-tel-country-iso2\" \/><\/span><\/label><br \/>\n<label> E-mail <span class=\"wpcf7-form-control-wrap\" data-name=\"your-email\"><input size=\"40\" class=\"wpcf7-form-control wpcf7-text wpcf7-email wpcf7-validates-as-required wpcf7-validates-as-email\" autocomplete=\"email\" aria-required=\"true\" aria-invalid=\"false\" placeholder=\"pelin@dentway.com\" value=\"\" type=\"email\" name=\"your-email\" \/><\/span><\/label>\n\t\t<\/p>\n\t<\/div>\n\t<p><label> W\u00e4hlen Sie Ihre Behandlung aus <span class=\"wpcf7-form-control-wrap\" data-name=\"menu-337\"><select class=\"wpcf7-form-control wpcf7-select\" aria-invalid=\"false\" name=\"menu-337\"><option value=\"\u00c4sthetische Zahnheilkunde\">\u00c4sthetische Zahnheilkunde<\/option><option value=\"Zahnimplantat\">Zahnimplantat<\/option><option value=\"Kiefer- und Gesichtschirurgie\">Kiefer- und Gesichtschirurgie<\/option><option value=\"Kinderzahnheilkunde\">Kinderzahnheilkunde<\/option><option value=\"Kieferorthop\u00e4die\">Kieferorthop\u00e4die<\/option><option value=\"Parodontologie\">Parodontologie<\/option><option value=\"Endodontie\">Endodontie<\/option><\/select><\/span><\/label><br \/>\n<input class=\"wpcf7-form-control has-spinner wpcf7-submit\" type=\"submit\" value=\"Beratungsformular senden\" \/>\n\t<\/p>\n<\/div><div class=\"wpcf7-response-output\" aria-hidden=\"true\"><\/div>\n<\/form>\n<\/div>\n[\/vc_column_inner][vc_column_inner width=&#8220;1\/4&#8243;][\/vc_column_inner][\/vc_row_inner][\/vc_column][\/vc_row]<\/p>\n<\/section>","protected":false},"excerpt":{"rendered":"<p>[vc_row][vc_column][vc_custom_heading text=&#8220;Vorteile&#8220; font_container=&#8220;tag:h2|font_size:42|text_align:center|color:%2300b1a7&#8243; google_fonts=&#8220;font_family:Raleway%3A100%2C200%2C300%2Cregular%2C500%2C600%2C700%2C800%2C900|font_style:700%20bold%20regular%3A700%3Anormal&#8220; el_class=&#8220;space-two-mb&#8220;][vc_separator color=&#8220;custom&#8220; el_width=&#8220;10&#8243; accent_color=&#8220;#00b1a7&#8243; wd_hide_on_desktop=&#8220;no&#8220; wd_hide_on_tablet=&#8220;no&#8220; wd_hide_on_mobile=&#8220;no&#8220; css=&#8220;.vc_custom_1677150663254{margin-top: -15px !important;margin-bottom: 5px !important;}&#8220;][\/vc_column][\/vc_row][vc_row css=&#8220;.vc_custom_1677153547647{margin-top: 75px !important;}&#8220; woodmart_css_id=&#8220;63f75507a1d17&#8243;<\/p>\n","protected":false},"author":1,"featured_media":0,"parent":0,"menu_order":0,"comment_status":"closed","ping_status":"closed","template":"","meta":{"footnotes":""},"class_list":["post-2195","page","type-page","status-publish","hentry"],"yoast_head":"<!-- This site is optimized with the Yoast SEO plugin v20.2 - https:\/\/yoast.com\/wordpress\/plugins\/seo\/ -->\n<title>Vorteile - Dentway Dental Clinic \u2013 Aesthetic Dentistry in Turkey<\/title>\n<meta name=\"robots\" content=\"index, follow, max-snippet:-1, max-image-preview:large, max-video-preview:-1\" \/>\n<link rel=\"canonical\" href=\"https:\/\/dentwayinternational.com\/de\/vorteile\/\" \/>\n<meta property=\"og:locale\" content=\"de_DE\" \/>\n<meta property=\"og:type\" content=\"article\" \/>\n<meta property=\"og:title\" content=\"Vorteile - Dentway Dental Clinic \u2013 Aesthetic Dentistry in Turkey\" \/>\n<meta property=\"og:description\" content=\"[vc_row][vc_column][vc_custom_heading text=&#8220;Vorteile&#8220; font_container=&#8220;tag:h2|font_size:42|text_align:center|color:%2300b1a7&#8243; google_fonts=&#8220;font_family:Raleway%3A100%2C200%2C300%2Cregular%2C500%2C600%2C700%2C800%2C900|font_style:700%20bold%20regular%3A700%3Anormal&#8220; el_class=&#8220;space-two-mb&#8220;][vc_separator color=&#8220;custom&#8220; el_width=&#8220;10&#8243; accent_color=&#8220;#00b1a7&#8243; wd_hide_on_desktop=&#8220;no&#8220; wd_hide_on_tablet=&#8220;no&#8220; wd_hide_on_mobile=&#8220;no&#8220; css=&#8220;.vc_custom_1677150663254{margin-top: -15px !important;margin-bottom: 5px !important;}&#8220;][\/vc_column][\/vc_row][vc_row css=&#8220;.vc_custom_1677153547647{margin-top: 75px !important;}&#8220; woodmart_css_id=&#8220;63f75507a1d17&#8243;\" \/>\n<meta property=\"og:url\" content=\"https:\/\/dentwayinternational.com\/de\/vorteile\/\" \/>\n<meta property=\"og:site_name\" content=\"Dentway Dental Clinic \u2013 Aesthetic Dentistry in Turkey\" \/>\n<meta property=\"article:modified_time\" content=\"2023-11-22T13:07:56+00:00\" \/>\n<meta name=\"twitter:card\" content=\"summary_large_image\" \/>\n<meta name=\"twitter:label1\" content=\"Gesch\u00e4tzte Lesezeit\" \/>\n\t<meta name=\"twitter:data1\" content=\"2\u00a0Minuten\" \/>\n<script type=\"application\/ld+json\" class=\"yoast-schema-graph\">{\"@context\":\"https:\/\/schema.org\",\"@graph\":[{\"@type\":\"WebPage\",\"@id\":\"https:\/\/dentwayinternational.com\/de\/vorteile\/\",\"url\":\"https:\/\/dentwayinternational.com\/de\/vorteile\/\",\"name\":\"Vorteile - Dentway Dental Clinic \u2013 Aesthetic Dentistry in Turkey\",\"isPartOf\":{\"@id\":\"https:\/\/dentwayinternational.com\/#website\"},\"datePublished\":\"2023-02-23T11:12:17+00:00\",\"dateModified\":\"2023-11-22T13:07:56+00:00\",\"breadcrumb\":{\"@id\":\"https:\/\/dentwayinternational.com\/de\/vorteile\/#breadcrumb\"},\"inLanguage\":\"de\",\"potentialAction\":[{\"@type\":\"ReadAction\",\"target\":[\"https:\/\/dentwayinternational.com\/de\/vorteile\/\"]}]},{\"@type\":\"BreadcrumbList\",\"@id\":\"https:\/\/dentwayinternational.com\/de\/vorteile\/#breadcrumb\",\"itemListElement\":[{\"@type\":\"ListItem\",\"position\":1,\"name\":\"Anasayfa\",\"item\":\"https:\/\/dentwayinternational.com\/de\/\"},{\"@type\":\"ListItem\",\"position\":2,\"name\":\"Vorteile\"}]},{\"@type\":\"WebSite\",\"@id\":\"https:\/\/dentwayinternational.com\/#website\",\"url\":\"https:\/\/dentwayinternational.com\/\",\"name\":\"Dentway Dental Clinic \u2013 Aesthetic Dentistry in Turkey\",\"description\":\"\",\"potentialAction\":[{\"@type\":\"SearchAction\",\"target\":{\"@type\":\"EntryPoint\",\"urlTemplate\":\"https:\/\/dentwayinternational.com\/?s={search_term_string}\"},\"query-input\":\"required name=search_term_string\"}],\"inLanguage\":\"de\"}]}<\/script>\n<!-- \/ Yoast SEO plugin. -->","yoast_head_json":{"title":"Vorteile - Dentway Dental Clinic \u2013 Aesthetic Dentistry in Turkey","robots":{"index":"index","follow":"follow","max-snippet":"max-snippet:-1","max-image-preview":"max-image-preview:large","max-video-preview":"max-video-preview:-1"},"canonical":"https:\/\/dentwayinternational.com\/de\/vorteile\/","og_locale":"de_DE","og_type":"article","og_title":"Vorteile - Dentway Dental Clinic \u2013 Aesthetic Dentistry in Turkey","og_description":"[vc_row][vc_column][vc_custom_heading text=&#8220;Vorteile&#8220; font_container=&#8220;tag:h2|font_size:42|text_align:center|color:%2300b1a7&#8243; google_fonts=&#8220;font_family:Raleway%3A100%2C200%2C300%2Cregular%2C500%2C600%2C700%2C800%2C900|font_style:700%20bold%20regular%3A700%3Anormal&#8220; el_class=&#8220;space-two-mb&#8220;][vc_separator color=&#8220;custom&#8220; el_width=&#8220;10&#8243; accent_color=&#8220;#00b1a7&#8243; wd_hide_on_desktop=&#8220;no&#8220; wd_hide_on_tablet=&#8220;no&#8220; wd_hide_on_mobile=&#8220;no&#8220; css=&#8220;.vc_custom_1677150663254{margin-top: -15px !important;margin-bottom: 5px !important;}&#8220;][\/vc_column][\/vc_row][vc_row css=&#8220;.vc_custom_1677153547647{margin-top: 75px !important;}&#8220; woodmart_css_id=&#8220;63f75507a1d17&#8243;","og_url":"https:\/\/dentwayinternational.com\/de\/vorteile\/","og_site_name":"Dentway Dental Clinic \u2013 Aesthetic Dentistry in Turkey","article_modified_time":"2023-11-22T13:07:56+00:00","twitter_card":"summary_large_image","twitter_misc":{"Gesch\u00e4tzte Lesezeit":"2\u00a0Minuten"},"schema":{"@context":"https:\/\/schema.org","@graph":[{"@type":"WebPage","@id":"https:\/\/dentwayinternational.com\/de\/vorteile\/","url":"https:\/\/dentwayinternational.com\/de\/vorteile\/","name":"Vorteile - Dentway Dental Clinic \u2013 Aesthetic Dentistry in Turkey","isPartOf":{"@id":"https:\/\/dentwayinternational.com\/#website"},"datePublished":"2023-02-23T11:12:17+00:00","dateModified":"2023-11-22T13:07:56+00:00","breadcrumb":{"@id":"https:\/\/dentwayinternational.com\/de\/vorteile\/#breadcrumb"},"inLanguage":"de","potentialAction":[{"@type":"ReadAction","target":["https:\/\/dentwayinternational.com\/de\/vorteile\/"]}]},{"@type":"BreadcrumbList","@id":"https:\/\/dentwayinternational.com\/de\/vorteile\/#breadcrumb","itemListElement":[{"@type":"ListItem","position":1,"name":"Anasayfa","item":"https:\/\/dentwayinternational.com\/de\/"},{"@type":"ListItem","position":2,"name":"Vorteile"}]},{"@type":"WebSite","@id":"https:\/\/dentwayinternational.com\/#website","url":"https:\/\/dentwayinternational.com\/","name":"Dentway Dental Clinic \u2013 Aesthetic Dentistry in Turkey","description":"","potentialAction":[{"@type":"SearchAction","target":{"@type":"EntryPoint","urlTemplate":"https:\/\/dentwayinternational.com\/?s={search_term_string}"},"query-input":"required name=search_term_string"}],"inLanguage":"de"}]}},"_links":{"self":[{"href":"https:\/\/dentwayinternational.com\/de\/wp-json\/wp\/v2\/pages\/2195","targetHints":{"allow":["GET"]}}],"collection":[{"href":"https:\/\/dentwayinternational.com\/de\/wp-json\/wp\/v2\/pages"}],"about":[{"href":"https:\/\/dentwayinternational.com\/de\/wp-json\/wp\/v2\/types\/page"}],"author":[{"embeddable":true,"href":"https:\/\/dentwayinternational.com\/de\/wp-json\/wp\/v2\/users\/1"}],"replies":[{"embeddable":true,"href":"https:\/\/dentwayinternational.com\/de\/wp-json\/wp\/v2\/comments?post=2195"}],"version-history":[{"count":3,"href":"https:\/\/dentwayinternational.com\/de\/wp-json\/wp\/v2\/pages\/2195\/revisions"}],"predecessor-version":[{"id":2294,"href":"https:\/\/dentwayinternational.com\/de\/wp-json\/wp\/v2\/pages\/2195\/revisions\/2294"}],"wp:attachment":[{"href":"https:\/\/dentwayinternational.com\/de\/wp-json\/wp\/v2\/media?parent=2195"}],"curies":[{"name":"wp","href":"https:\/\/api.w.org\/{rel}","templated":true}]}}